{"id":12,"date":"2024-05-08T08:53:19","date_gmt":"2024-05-08T08:53:19","guid":{"rendered":"https:\/\/plantilla2.devmarkpe.com\/about\/"},"modified":"2025-08-19T07:19:03","modified_gmt":"2025-08-19T07:19:03","slug":"sobre-mi","status":"publish","type":"page","link":"https:\/\/ferreriaencrusa.cat\/ca\/sobre-mi","title":{"rendered":"SOBRE MI"},"content":{"rendered":"<div data-elementor-type=\"wp-post\" data-elementor-id=\"12\" class=\"elementor elementor-12\">\n\t\t\t\t<div class=\"elementor-element elementor-element-494982f e-flex e-con-boxed e-con e-parent\" data-id=\"494982f\" data-element_type=\"container\" data-e-type=\"container\" data-settings=\"{&quot;background_background&quot;:&quot;classic&quot;}\">\n\t\t\t\t\t<div class=\"e-con-inner\">\n\t\t<div class=\"elementor-element elementor-element-6dec6a8 e-con-full e-flex e-con e-child\" data-id=\"6dec6a8\" data-element_type=\"container\" data-e-type=\"container\">\n\t\t\t\t<div class=\"elementor-element elementor-element-579f0ce elementor-widget elementor-widget-heading\" data-id=\"579f0ce\" data-element_type=\"widget\" data-e-type=\"widget\" data-widget_type=\"heading.default\">\n\t\t\t\t<div class=\"elementor-widget-container\">\n\t\t\t\t\t<h1 class=\"elementor-heading-title elementor-size-default\">Sobre M\u00ed<\/h1>\t\t\t\t<\/div>\n\t\t\t\t<\/div>\n\t\t\t\t<div class=\"elementor-element elementor-element-c74ef3f elementor-widget elementor-widget-text-editor\" data-id=\"c74ef3f\" data-element_type=\"widget\" data-e-type=\"widget\" data-widget_type=\"text-editor.default\">\n\t\t\t\t<div class=\"elementor-widget-container\">\n\t\t\t\t\t\t\t\t\t<p>De l'Art a l'enclusa. Una traject\u00f2ria forjada amb passi\u00f3 i ofici.<\/p>\t\t\t\t\t\t\t\t<\/div>\n\t\t\t\t<\/div>\n\t\t\t\t<\/div>\n\t\t\t\t\t<\/div>\n\t\t\t\t<\/div>\n\t\t\t\t<section class=\"elementor-section elementor-top-section elementor-element elementor-element-ac81911 elementor-section-boxed elementor-section-height-default elementor-section-height-default\" data-id=\"ac81911\" data-element_type=\"section\" data-e-type=\"section\" data-settings=\"{&quot;background_background&quot;:&quot;classic&quot;}\">\n\t\t\t\t\t\t<div class=\"elementor-container elementor-column-gap-default\">\n\t\t\t\t\t<div class=\"elementor-column elementor-col-50 elementor-top-column elementor-element elementor-element-2c04367\" data-id=\"2c04367\" data-element_type=\"column\" data-e-type=\"column\" data-settings=\"{&quot;background_background&quot;:&quot;classic&quot;}\">\n\t\t\t<div class=\"elementor-widget-wrap elementor-element-populated\">\n\t\t\t\t\t\t<div class=\"elementor-element elementor-element-5c0292f elementor-widget elementor-widget-image\" data-id=\"5c0292f\" data-element_type=\"widget\" data-e-type=\"widget\" data-widget_type=\"image.default\">\n\t\t\t\t<div class=\"elementor-widget-container\">\n\t\t\t\t\t\t\t\t\t\t\t\t\t\t\t<img fetchpriority=\"high\" decoding=\"async\" width=\"768\" height=\"925\" src=\"https:\/\/ferreriaencrusa.cat\/wp-content\/uploads\/2025\/04\/foto_herrero_mejorada-1-768x925.jpg\" class=\"attachment-medium_large size-medium_large wp-image-2699\" alt=\"\" srcset=\"https:\/\/ferreriaencrusa.cat\/wp-content\/uploads\/2025\/04\/foto_herrero_mejorada-1-768x925.jpg 768w, https:\/\/ferreriaencrusa.cat\/wp-content\/uploads\/2025\/04\/foto_herrero_mejorada-1-249x300.jpg 249w, https:\/\/ferreriaencrusa.cat\/wp-content\/uploads\/2025\/04\/foto_herrero_mejorada-1-851x1024.jpg 851w, https:\/\/ferreriaencrusa.cat\/wp-content\/uploads\/2025\/04\/foto_herrero_mejorada-1-1276x1536.jpg 1276w, https:\/\/ferreriaencrusa.cat\/wp-content\/uploads\/2025\/04\/foto_herrero_mejorada-1-1701x2048.jpg 1701w\" sizes=\"(max-width: 768px) 100vw, 768px\" \/>\t\t\t\t\t\t\t\t\t\t\t\t\t\t\t<\/div>\n\t\t\t\t<\/div>\n\t\t\t\t\t<\/div>\n\t\t<\/div>\n\t\t\t\t<div class=\"elementor-column elementor-col-50 elementor-top-column elementor-element elementor-element-1074bcc\" data-id=\"1074bcc\" data-element_type=\"column\" data-e-type=\"column\">\n\t\t\t<div class=\"elementor-widget-wrap elementor-element-populated\">\n\t\t\t\t\t\t<div class=\"elementor-element elementor-element-c162e9f elementor-widget elementor-widget-heading\" data-id=\"c162e9f\" data-element_type=\"widget\" data-e-type=\"widget\" data-widget_type=\"heading.default\">\n\t\t\t\t<div class=\"elementor-widget-container\">\n\t\t\t\t\t<h2 class=\"elementor-heading-title elementor-size-default\">Jordi Lluch Puig<\/h2>\t\t\t\t<\/div>\n\t\t\t\t<\/div>\n\t\t\t\t<div class=\"elementor-element elementor-element-564b4b7 elementor-widget elementor-widget-text-editor\" data-id=\"564b4b7\" data-element_type=\"widget\" data-e-type=\"widget\" data-widget_type=\"text-editor.default\">\n\t\t\t\t<div class=\"elementor-widget-container\">\n\t\t\t\t\t\t\t\t\t<p class=\"\" data-start=\"1568\" data-end=\"1921\">Em dic Jordi Lluch Puig i vaig comen\u00e7ar en el m\u00f3n de l'Art a les aules de la Facultat de Belles Arts de Barcelona. Durant anys em vaig dedicar a la pintura. La crisi dels noranta em va portat a buscar nous camins i va ser aleshores quan la forja i l'escultura em van atrapar.<\/p><p class=\"\" data-start=\"1926\" data-end=\"2437\">Vaig comen\u00e7ar aprenent de zero, submergint-me en la immensitat d'un ofici milenari. Despr\u00e9s d'anys de formaci\u00f3, el 1998 obro el meu primer taller, on combino Art i Artesania, Creativitat i Ofici. No busco repetir estils antics ni seguir tradicions caducades: Busco crear des de l'emoci\u00f3, i per aix\u00f2 cada pe\u00e7a que forjo \u00e9s \u00fanica, i cada enc\u00e0rrec una oportunitat nova per a la imaginaci\u00f3 i la creativitat.<\/p>\t\t\t\t\t\t\t\t<\/div>\n\t\t\t\t<\/div>\n\t\t\t\t<div class=\"elementor-element elementor-element-836e9c2 elementor-shape-circle e-grid-align-left e-grid-align-tablet-center elementor-grid-0 elementor-widget elementor-widget-social-icons\" data-id=\"836e9c2\" data-element_type=\"widget\" data-e-type=\"widget\" data-widget_type=\"social-icons.default\">\n\t\t\t\t<div class=\"elementor-widget-container\">\n\t\t\t\t\t\t\t<div class=\"elementor-social-icons-wrapper elementor-grid\" role=\"list\">\n\t\t\t\t\t\t\t<span class=\"elementor-grid-item\" role=\"listitem\">\n\t\t\t\t\t<a class=\"elementor-icon elementor-social-icon elementor-social-icon-facebook-f elementor-repeater-item-14bef83\" href=\"https:\/\/www.facebook.com\/jordilluchpuig\/\" target=\"_blank\" rel=\"noopener\">\n\t\t\t\t\t\t<span class=\"elementor-screen-only\">Facebook-f<\/span>\n\t\t\t\t\t\t<svg aria-hidden=\"true\" class=\"e-font-icon-svg e-fab-facebook-f\" viewbox=\"0 0 320 512\" xmlns=\"http:\/\/www.w3.org\/2000\/svg\"><path d=\"M279.14 288l14.22-92.66h-88.91v-60.13c0-25.35 12.42-50.06 52.24-50.06h40.42V6.26S260.43 0 225.36 0c-73.22 0-121.08 44.38-121.08 124.72v70.62H22.89V288h81.39v224h100.17V288z\"><\/path><\/svg>\t\t\t\t\t<\/a>\n\t\t\t\t<\/span>\n\t\t\t\t\t\t\t<span class=\"elementor-grid-item\" role=\"listitem\">\n\t\t\t\t\t<a class=\"elementor-icon elementor-social-icon elementor-social-icon-instagram elementor-repeater-item-3478e1a\" href=\"https:\/\/www.instagram.com\/ferreriaencrusa_orta\/\" target=\"_blank\" rel=\"noopener\">\n\t\t\t\t\t\t<span class=\"elementor-screen-only\">Instagram<\/span>\n\t\t\t\t\t\t<svg aria-hidden=\"true\" class=\"e-font-icon-svg e-fab-instagram\" viewbox=\"0 0 448 512\" xmlns=\"http:\/\/www.w3.org\/2000\/svg\"><path d=\"M224.1 141c-63.6 0-114.9 51.3-114.9 114.9s51.3 114.9 114.9 114.9S339 319.5 339 255.9 287.7 141 224.1 141zm0 189.6c-41.1 0-74.7-33.5-74.7-74.7s33.5-74.7 74.7-74.7 74.7 33.5 74.7 74.7-33.6 74.7-74.7 74.7zm146.4-194.3c0 14.9-12 26.8-26.8 26.8-14.9 0-26.8-12-26.8-26.8s12-26.8 26.8-26.8 26.8 12 26.8 26.8zm76.1 27.2c-1.7-35.9-9.9-67.7-36.2-93.9-26.2-26.2-58-34.4-93.9-36.2-37-2.1-147.9-2.1-184.9 0-35.8 1.7-67.6 9.9-93.9 36.1s-34.4 58-36.2 93.9c-2.1 37-2.1 147.9 0 184.9 1.7 35.9 9.9 67.7 36.2 93.9s58 34.4 93.9 36.2c37 2.1 147.9 2.1 184.9 0 35.9-1.7 67.7-9.9 93.9-36.2 26.2-26.2 34.4-58 36.2-93.9 2.1-37 2.1-147.8 0-184.8zM398.8 388c-7.8 19.6-22.9 34.7-42.6 42.6-29.5 11.7-99.5 9-132.1 9s-102.7 2.6-132.1-9c-19.6-7.8-34.7-22.9-42.6-42.6-11.7-29.5-9-99.5-9-132.1s-2.6-102.7 9-132.1c7.8-19.6 22.9-34.7 42.6-42.6 29.5-11.7 99.5-9 132.1-9s102.7-2.6 132.1 9c19.6 7.8 34.7 22.9 42.6 42.6 11.7 29.5 9 99.5 9 132.1s2.7 102.7-9 132.1z\"><\/path><\/svg>\t\t\t\t\t<\/a>\n\t\t\t\t<\/span>\n\t\t\t\t\t<\/div>\n\t\t\t\t\t\t<\/div>\n\t\t\t\t<\/div>\n\t\t\t\t\t<\/div>\n\t\t<\/div>\n\t\t\t\t\t<\/div>\n\t\t<\/section>\n\t\t<div class=\"elementor-element elementor-element-2e567e9 e-flex e-con-boxed e-con e-parent\" data-id=\"2e567e9\" data-element_type=\"container\" data-e-type=\"container\" data-settings=\"{&quot;background_background&quot;:&quot;classic&quot;}\">\n\t\t\t\t\t<div class=\"e-con-inner\">\n\t\t\t\t<div class=\"elementor-element elementor-element-ea43d04 elementor-widget elementor-widget-heading\" data-id=\"ea43d04\" data-element_type=\"widget\" data-e-type=\"widget\" data-widget_type=\"heading.default\">\n\t\t\t\t<div class=\"elementor-widget-container\">\n\t\t\t\t\t<h2 class=\"elementor-heading-title elementor-size-default\">El Taller<\/h2>\t\t\t\t<\/div>\n\t\t\t\t<\/div>\n\t\t\t\t<div class=\"elementor-element elementor-element-0a3023a elementor-widget-divider--view-line elementor-widget elementor-widget-divider\" data-id=\"0a3023a\" data-element_type=\"widget\" data-e-type=\"widget\" data-widget_type=\"divider.default\">\n\t\t\t\t<div class=\"elementor-widget-container\">\n\t\t\t\t\t\t\t<div class=\"elementor-divider\">\n\t\t\t<span class=\"elementor-divider-separator\">\n\t\t\t\t\t\t<\/span>\n\t\t<\/div>\n\t\t\t\t\t\t<\/div>\n\t\t\t\t<\/div>\n\t\t<div class=\"elementor-element elementor-element-104576e e-con-full e-flex e-con e-child\" data-id=\"104576e\" data-element_type=\"container\" data-e-type=\"container\">\n\t\t<div class=\"elementor-element elementor-element-ecaa045 e-con-full e-flex e-con e-child\" data-id=\"ecaa045\" data-element_type=\"container\" data-e-type=\"container\">\n\t\t\t\t<div class=\"elementor-element elementor-element-573982f elementor-widget elementor-widget-text-editor\" data-id=\"573982f\" data-element_type=\"widget\" data-e-type=\"widget\" data-widget_type=\"text-editor.default\">\n\t\t\t\t<div class=\"elementor-widget-container\">\n\t\t\t\t\t\t\t\t\t<p>El taller est\u00e0 ubicat a l'antic mol\u00ed d'oli de la Cooperativa Agr\u00edcola d'Horta de Sant Joan, a la Terra Alta, al sud de Catalunya, un indret on \u00e9s possible viure tranquil en un entorn natural captivador.<\/p><p>Aqu\u00ed, entre muntanyes i pobles que encara conserven l'esperit del que \u00e9s aut\u00e8ntic, he trobat el lloc perfecte per treballar en calma, sense presses ni sorolls.<\/p>\t\t\t\t\t\t\t\t<\/div>\n\t\t\t\t<\/div>\n\t\t\t\t<\/div>\n\t\t<div class=\"elementor-element elementor-element-b302a29 e-con-full e-flex e-con e-child\" data-id=\"b302a29\" data-element_type=\"container\" data-e-type=\"container\">\n\t\t\t\t<div class=\"elementor-element elementor-element-5a655e1 elementor-widget elementor-widget-image\" data-id=\"5a655e1\" data-element_type=\"widget\" data-e-type=\"widget\" data-widget_type=\"image.default\">\n\t\t\t\t<div class=\"elementor-widget-container\">\n\t\t\t\t\t\t\t\t\t\t\t\t\t\t\t\t<a href=\"https:\/\/ferreriaencrusa.cat\/wp-content\/uploads\/2025\/04\/freepik__enhance__19332.png\" data-elementor-open-lightbox=\"yes\" data-e-action-hash=\"#elementor-action%3Aaction%3Dlightbox%26settings%3DeyJpZCI6MjY5OCwidXJsIjoiaHR0cHM6XC9cL2ZlcnJlcmlhZW5jcnVzYS5jYXRcL3dwLWNvbnRlbnRcL3VwbG9hZHNcLzIwMjVcLzA0XC9mcmVlcGlrX19lbmhhbmNlX18xOTMzMi5wbmcifQ%3D%3D\">\n\t\t\t\t\t\t\t<img decoding=\"async\" width=\"2048\" height=\"1536\" src=\"https:\/\/ferreriaencrusa.cat\/wp-content\/uploads\/2025\/04\/freepik__enhance__19332.png\" class=\"attachment-full size-full wp-image-2698\" alt=\"\" srcset=\"https:\/\/ferreriaencrusa.cat\/wp-content\/uploads\/2025\/04\/freepik__enhance__19332.png 2048w, https:\/\/ferreriaencrusa.cat\/wp-content\/uploads\/2025\/04\/freepik__enhance__19332-300x225.png 300w, https:\/\/ferreriaencrusa.cat\/wp-content\/uploads\/2025\/04\/freepik__enhance__19332-1024x768.png 1024w, https:\/\/ferreriaencrusa.cat\/wp-content\/uploads\/2025\/04\/freepik__enhance__19332-768x576.png 768w, https:\/\/ferreriaencrusa.cat\/wp-content\/uploads\/2025\/04\/freepik__enhance__19332-1536x1152.png 1536w\" sizes=\"(max-width: 2048px) 100vw, 2048px\" \/>\t\t\t\t\t\t\t\t<\/a>\n\t\t\t\t\t\t\t\t\t\t\t\t\t\t\t<\/div>\n\t\t\t\t<\/div>\n\t\t\t\t<\/div>\n\t\t<div class=\"elementor-element elementor-element-3e9328c e-con-full e-flex e-con e-child\" data-id=\"3e9328c\" data-element_type=\"container\" data-e-type=\"container\">\n\t\t\t\t<div class=\"elementor-element elementor-element-381098d elementor-widget elementor-widget-image\" data-id=\"381098d\" data-element_type=\"widget\" data-e-type=\"widget\" data-widget_type=\"image.default\">\n\t\t\t\t<div class=\"elementor-widget-container\">\n\t\t\t\t\t\t\t\t\t\t\t\t\t\t\t\t<a href=\"https:\/\/ferreriaencrusa.cat\/wp-content\/uploads\/2025\/04\/freepik__enhance__99532.png\" data-elementor-open-lightbox=\"yes\" data-e-action-hash=\"#elementor-action%3Aaction%3Dlightbox%26settings%3DeyJpZCI6MjY5NywidXJsIjoiaHR0cHM6XC9cL2ZlcnJlcmlhZW5jcnVzYS5jYXRcL3dwLWNvbnRlbnRcL3VwbG9hZHNcLzIwMjVcLzA0XC9mcmVlcGlrX19lbmhhbmNlX185OTUzMi5wbmcifQ%3D%3D\">\n\t\t\t\t\t\t\t<img decoding=\"async\" width=\"1024\" height=\"768\" src=\"https:\/\/ferreriaencrusa.cat\/wp-content\/uploads\/2025\/04\/freepik__enhance__99532-1024x768.png\" class=\"attachment-large size-large wp-image-2697\" alt=\"\" srcset=\"https:\/\/ferreriaencrusa.cat\/wp-content\/uploads\/2025\/04\/freepik__enhance__99532-1024x768.png 1024w, https:\/\/ferreriaencrusa.cat\/wp-content\/uploads\/2025\/04\/freepik__enhance__99532-300x225.png 300w, https:\/\/ferreriaencrusa.cat\/wp-content\/uploads\/2025\/04\/freepik__enhance__99532-768x576.png 768w, https:\/\/ferreriaencrusa.cat\/wp-content\/uploads\/2025\/04\/freepik__enhance__99532-1536x1152.png 1536w, https:\/\/ferreriaencrusa.cat\/wp-content\/uploads\/2025\/04\/freepik__enhance__99532.png 2048w\" sizes=\"(max-width: 1024px) 100vw, 1024px\" \/>\t\t\t\t\t\t\t\t<\/a>\n\t\t\t\t\t\t\t\t\t\t\t\t\t\t\t<\/div>\n\t\t\t\t<\/div>\n\t\t\t\t<\/div>\n\t\t<div class=\"elementor-element elementor-element-d99200a e-con-full e-flex e-con e-child\" data-id=\"d99200a\" data-element_type=\"container\" data-e-type=\"container\">\n\t\t\t\t<div class=\"elementor-element elementor-element-a7e9268 elementor-widget__width-initial elementor-widget elementor-widget-text-editor\" data-id=\"a7e9268\" data-element_type=\"widget\" data-e-type=\"widget\" data-widget_type=\"text-editor.default\">\n\t\t\t\t<div class=\"elementor-widget-container\">\n\t\t\t\t\t\t\t\t\t<p>Les instal.lacions estan adaptades a les necessitats de l'ofici. \u00c9s un espai ampli, funcional, amb eines tradicionals i altres de m\u00e9s modernes, on puc treballar tant obres grans com petites peces plenes de detall.<\/p><p>D'aqu\u00ed n'han sortit obres que han fet cap a molts indrets de Catalunya, Arag\u00f3, Andalusia, Gal\u00edcia Fran\u00e7a o It\u00e0lia sempre amb el mateix comprom\u00eds: El respecte per l'ofici i la passi\u00f3 per l'Art.<\/p>\t\t\t\t\t\t\t\t<\/div>\n\t\t\t\t<\/div>\n\t\t\t\t<\/div>\n\t\t\t\t<\/div>\n\t\t\t\t\t<\/div>\n\t\t\t\t<\/div>\n\t\t\t\t<\/div>","protected":false},"excerpt":{"rendered":"<p>Sobre M\u00ed Del arte al yunque: una trayectoria forjada con pasi\u00f3n y oficio. Jordi Lluch Puig Me llamo Jordi Lluch Puig y mi historia empieza en el arte, con pinceles y grabados, en las aulas de Bellas Artes de Barcelona. Durante a\u00f1os me dediqu\u00e9 a la pintura, pero fue la forja la que termin\u00f3 por [&hellip;]<\/p>\n","protected":false},"author":1,"featured_media":0,"parent":0,"menu_order":0,"comment_status":"closed","ping_status":"closed","template":"","meta":{"site-sidebar-layout":"no-sidebar","site-content-layout":"page-builder","ast-site-content-layout":"full-width-container","site-content-style":"unboxed","site-sidebar-style":"unboxed","ast-global-header-display":"","ast-banner-title-visibility":"","ast-main-header-display":"","ast-hfb-above-header-display":"","ast-hfb-below-header-display":"","ast-hfb-mobile-header-display":"","site-post-title":"disabled","ast-breadcrumbs-content":"","ast-featured-img":"disabled","footer-sml-layout":"","ast-disable-related-posts":"","theme-transparent-header-meta":"enabled","adv-header-id-meta":"","stick-header-meta":"","header-above-stick-meta":"","header-main-stick-meta":"","header-below-stick-meta":"","astra-migrate-meta-layouts":"set","ast-page-background-enabled":"default","ast-page-background-meta":{"desktop":{"background-color":"","background-image":"","background-repeat":"repeat","background-position":"center center","background-size":"auto","background-attachment":"scroll","background-type":"","background-media":"","overlay-type":"","overlay-color":"","overlay-opacity":"","overlay-gradient":""},"tablet":{"background-color":"","background-image":"","background-repeat":"repeat","background-position":"center center","background-size":"auto","background-attachment":"scroll","background-type":"","background-media":"","overlay-type":"","overlay-color":"","overlay-opacity":"","overlay-gradient":""},"mobile":{"background-color":"","background-image":"","background-repeat":"repeat","background-position":"center center","background-size":"auto","background-attachment":"scroll","background-type":"","background-media":"","overlay-type":"","overlay-color":"","overlay-opacity":"","overlay-gradient":""}},"ast-content-background-meta":{"desktop":{"background-color":"var(--ast-global-color-5)","background-image":"","background-repeat":"repeat","background-position":"center center","background-size":"auto","background-attachment":"scroll","background-type":"","background-media":"","overlay-type":"","overlay-color":"","overlay-opacity":"","overlay-gradient":""},"tablet":{"background-color":"var(--ast-global-color-5)","background-image":"","background-repeat":"repeat","background-position":"center center","background-size":"auto","background-attachment":"scroll","background-type":"","background-media":"","overlay-type":"","overlay-color":"","overlay-opacity":"","overlay-gradient":""},"mobile":{"background-color":"var(--ast-global-color-5)","background-image":"","background-repeat":"repeat","background-position":"center center","background-size":"auto","background-attachment":"scroll","background-type":"","background-media":"","overlay-type":"","overlay-color":"","overlay-opacity":"","overlay-gradient":""}},"_joinchat":[],"footnotes":""},"class_list":["post-12","page","type-page","status-publish","hentry"],"_links":{"self":[{"href":"https:\/\/ferreriaencrusa.cat\/ca\/wp-json\/wp\/v2\/pages\/12","targetHints":{"allow":["GET"]}}],"collection":[{"href":"https:\/\/ferreriaencrusa.cat\/ca\/wp-json\/wp\/v2\/pages"}],"about":[{"href":"https:\/\/ferreriaencrusa.cat\/ca\/wp-json\/wp\/v2\/types\/page"}],"author":[{"embeddable":true,"href":"https:\/\/ferreriaencrusa.cat\/ca\/wp-json\/wp\/v2\/users\/1"}],"replies":[{"embeddable":true,"href":"https:\/\/ferreriaencrusa.cat\/ca\/wp-json\/wp\/v2\/comments?post=12"}],"version-history":[{"count":76,"href":"https:\/\/ferreriaencrusa.cat\/ca\/wp-json\/wp\/v2\/pages\/12\/revisions"}],"predecessor-version":[{"id":3312,"href":"https:\/\/ferreriaencrusa.cat\/ca\/wp-json\/wp\/v2\/pages\/12\/revisions\/3312"}],"wp:attachment":[{"href":"https:\/\/ferreriaencrusa.cat\/ca\/wp-json\/wp\/v2\/media?parent=12"}],"curies":[{"name":"wp","href":"https:\/\/api.w.org\/{rel}","templated":true}]}}